{"id":1633,"date":"2020-08-06T10:14:06","date_gmt":"2020-08-06T13:14:06","guid":{"rendered":"https:\/\/cursolojawp.cursoemvideo.com\/loja-1\/?post_type=product&#038;p=1633"},"modified":"2023-06-16T00:52:39","modified_gmt":"2023-06-16T03:52:39","slug":"tenis-nike-air-zoom-pegasus","status":"publish","type":"product","link":"https:\/\/cursolojawp.cursoemvideo.com\/loja-1\/produto\/tenis-nike-air-zoom-pegasus\/","title":{"rendered":"T\u00eanis Nike Air Zoom Pegasus"},"content":{"rendered":"<h2>T\u00caNIS DE CORRIDA PARA TREINO \u00c1GIL<\/h2>\n<p>Revigore sua passada com o Nike Air Zoom Pegasus 37. Proporcionando o ajuste e sensa\u00e7\u00e3o que os corredores adoram, o t\u00eanis tem uma unidade de amortecimento no antep\u00e9 totalmente nova e espuma para agilidade m\u00e1xima. O resultado \u00e9 um t\u00eanis de treino leve e dur\u00e1vel, projetado para corrida di\u00e1ria.<\/p>\n<h2>PARA CORRER COM SUAVIDADE<\/h2>\n<p>A espuma Nike React na entressola \u00e9 leve, el\u00e1stica e dur\u00e1vel. Mais espuma proporciona melhor amortecimento sem volume. A unidade Air Zoom no antep\u00e9 \u00e9 duas vezes maior do que as vers\u00f5es anteriores, proporcionando mais amortecimento a cada passo. Ela \u00e9 aplicada na parte superior para estar mais perto do seu p\u00e9, oferecendo mais agilidade.<\/p>\n<h2>BENEF\u00cdCIOS<\/h2>\n<p>O Pegasus 37 foi especificamente ajustado para homens, com uma unidade Air que proporciona o amortecimento certo para a sua corrida.<\/p>\n<h2>DETALHES DO PRODUTO<\/h2>\n<ul>\n<li>Tecido na parte de cima<\/li>\n<li>Peso: 285 g (tamanho 42 masculino)<\/li>\n<li>Desvio: 10 mm (antep\u00e9: 14 mm, calcanhar: 24 mm)<\/li>\n<li>N\u00e3o deve ser usado como equipamento de prote\u00e7\u00e3o individual<\/li>\n<\/ul>\n","protected":false},"excerpt":{"rendered":"<p>Revigore sua passada com o Nike Air Zoom Pegasus 37. Proporcionando o ajuste e sensa\u00e7\u00e3o que os corredores adoram, o t\u00eanis tem uma unidade de amortecimento no antep\u00e9 totalmente nova e espuma para agilidade m\u00e1xima. O resultado \u00e9 um t\u00eanis de treino leve e dur\u00e1vel, projetado para corrida di\u00e1ria.<\/p>\n","protected":false},"featured_media":1635,"comment_status":"open","ping_status":"closed","template":"","meta":{"_uag_custom_page_level_css":"","site-sidebar-layout":"default","site-content-layout":"default","ast-site-content-layout":"default","site-content-style":"default","site-sidebar-style":"default","ast-global-header-display":"","ast-banner-title-visibility":"","ast-main-header-display":"","ast-hfb-above-header-display":"","ast-hfb-below-header-display":"","ast-hfb-mobile-header-display":"","site-post-title":"","ast-breadcrumbs-content":"","ast-featured-img":"","footer-sml-layout":"","ast-disable-related-posts":"","theme-transparent-header-meta":"default","adv-header-id-meta":"","stick-header-meta":"","header-above-stick-meta":"","header-main-stick-meta":"","header-below-stick-meta":"","astra-migrate-meta-layouts":"default","ast-page-background-enabled":"default","ast-page-background-meta":{"desktop":{"background-color":"","background-image":"","background-repeat":"repeat","background-position":"center center","background-size":"auto","background-attachment":"scroll","background-type":"","background-media":"","overlay-type":"","overlay-color":"","overlay-opacity":"","overlay-gradient":""},"tablet":{"background-color":"","background-image":"","background-repeat":"repeat","background-position":"center center","background-size":"auto","background-attachment":"scroll","background-type":"","background-media":"","overlay-type":"","overlay-color":"","overlay-opacity":"","overlay-gradient":""},"mobile":{"background-color":"","background-image":"","background-repeat":"repeat","background-position":"center center","background-size":"auto","background-attachment":"scroll","background-type":"","background-media":"","overlay-type":"","overlay-color":"","overlay-opacity":"","overlay-gradient":""}},"ast-content-background-meta":{"desktop":{"background-color":"var(--ast-global-color-5)","background-image":"","background-repeat":"repeat","background-position":"center center","background-size":"auto","background-attachment":"scroll","background-type":"","background-media":"","overlay-type":"","overlay-color":"","overlay-opacity":"","overlay-gradient":""},"tablet":{"background-color":"var(--ast-global-color-5)","background-image":"","background-repeat":"repeat","background-position":"center center","background-size":"auto","background-attachment":"scroll","background-type":"","background-media":"","overlay-type":"","overlay-color":"","overlay-opacity":"","overlay-gradient":""},"mobile":{"background-color":"var(--ast-global-color-5)","background-image":"","background-repeat":"repeat","background-position":"center center","background-size":"auto","background-attachment":"scroll","background-type":"","background-media":"","overlay-type":"","overlay-color":"","overlay-opacity":"","overlay-gradient":""}}},"pwb-brand":[73],"product_brand":[],"product_cat":[87,88],"product_tag":[90,72,89],"class_list":{"0":"post-1633","1":"product","2":"type-product","3":"status-publish","4":"has-post-thumbnail","6":"pwb-brand-nike","7":"product_cat-tenis","8":"product_cat-tenis-de-corrida","9":"product_tag-corrida","10":"product_tag-esporte","11":"product_tag-tenis-masculino","12":"pa_cor-azul","13":"pa_cor-preto","14":"pa_tamanho-85","15":"pa_tamanho-86","16":"desktop-align-left","17":"tablet-align-left","18":"mobile-align-left","20":"first","21":"instock","22":"shipping-taxable","23":"purchasable","24":"product-type-variable"},"uagb_featured_image_src":{"full":["https:\/\/cursolojawp.cursoemvideo.com\/loja-1\/wp-content\/uploads\/2020\/08\/tenis-nike-air-zoom-pegasus-preto-4.jpg",1024,1024,false],"thumbnail":["https:\/\/cursolojawp.cursoemvideo.com\/loja-1\/wp-content\/uploads\/2020\/08\/tenis-nike-air-zoom-pegasus-preto-4-150x150.jpg",150,150,true],"medium":["https:\/\/cursolojawp.cursoemvideo.com\/loja-1\/wp-content\/uploads\/2020\/08\/tenis-nike-air-zoom-pegasus-preto-4-300x300.jpg",300,300,true],"medium_large":["https:\/\/cursolojawp.cursoemvideo.com\/loja-1\/wp-content\/uploads\/2020\/08\/tenis-nike-air-zoom-pegasus-preto-4-768x768.jpg",768,768,true],"large":["https:\/\/cursolojawp.cursoemvideo.com\/loja-1\/wp-content\/uploads\/2020\/08\/tenis-nike-air-zoom-pegasus-preto-4-1024x1024.jpg",1024,1024,true],"1536x1536":["https:\/\/cursolojawp.cursoemvideo.com\/loja-1\/wp-content\/uploads\/2020\/08\/tenis-nike-air-zoom-pegasus-preto-4.jpg",1024,1024,false],"2048x2048":["https:\/\/cursolojawp.cursoemvideo.com\/loja-1\/wp-content\/uploads\/2020\/08\/tenis-nike-air-zoom-pegasus-preto-4.jpg",1024,1024,false],"woocommerce_thumbnail":["https:\/\/cursolojawp.cursoemvideo.com\/loja-1\/wp-content\/uploads\/2020\/08\/tenis-nike-air-zoom-pegasus-preto-4-300x300.jpg",300,300,true],"woocommerce_single":["https:\/\/cursolojawp.cursoemvideo.com\/loja-1\/wp-content\/uploads\/2020\/08\/tenis-nike-air-zoom-pegasus-preto-4-600x600.jpg",600,600,true],"woocommerce_gallery_thumbnail":["https:\/\/cursolojawp.cursoemvideo.com\/loja-1\/wp-content\/uploads\/2020\/08\/tenis-nike-air-zoom-pegasus-preto-4-100x100.jpg",100,100,true],"variation_swatches_image_size":["https:\/\/cursolojawp.cursoemvideo.com\/loja-1\/wp-content\/uploads\/2020\/08\/tenis-nike-air-zoom-pegasus-preto-4.jpg",50,50,false],"variation_swatches_tooltip_size":["https:\/\/cursolojawp.cursoemvideo.com\/loja-1\/wp-content\/uploads\/2020\/08\/tenis-nike-air-zoom-pegasus-preto-4.jpg",100,100,false]},"uagb_author_info":{"display_name":"Gerente da Loja","author_link":"https:\/\/cursolojawp.cursoemvideo.com\/loja-1\/author\/"},"uagb_comment_info":1,"uagb_excerpt":"Revigore sua passada com o Nike Air Zoom Pegasus 37. Proporcionando o ajuste e sensa\u00e7\u00e3o que os corredores adoram, o t\u00eanis tem uma unidade de amortecimento no antep\u00e9 totalmente nova e espuma para agilidade m\u00e1xima. O resultado \u00e9 um t\u00eanis de treino leve e dur\u00e1vel, projetado para corrida di\u00e1ria.","brands":[{"id":73,"name":"Nike","slug":"nike"}],"_links":{"self":[{"href":"https:\/\/cursolojawp.cursoemvideo.com\/loja-1\/wp-json\/wp\/v2\/product\/1633","targetHints":{"allow":["GET"]}}],"collection":[{"href":"https:\/\/cursolojawp.cursoemvideo.com\/loja-1\/wp-json\/wp\/v2\/product"}],"about":[{"href":"https:\/\/cursolojawp.cursoemvideo.com\/loja-1\/wp-json\/wp\/v2\/types\/product"}],"replies":[{"embeddable":true,"href":"https:\/\/cursolojawp.cursoemvideo.com\/loja-1\/wp-json\/wp\/v2\/comments?post=1633"}],"wp:featuredmedia":[{"embeddable":true,"href":"https:\/\/cursolojawp.cursoemvideo.com\/loja-1\/wp-json\/wp\/v2\/media\/1635"}],"wp:attachment":[{"href":"https:\/\/cursolojawp.cursoemvideo.com\/loja-1\/wp-json\/wp\/v2\/media?parent=1633"}],"wp:term":[{"taxonomy":"pwb-brand","embeddable":true,"href":"https:\/\/cursolojawp.cursoemvideo.com\/loja-1\/wp-json\/wp\/v2\/pwb-brand?post=1633"},{"taxonomy":"product_brand","embeddable":true,"href":"https:\/\/cursolojawp.cursoemvideo.com\/loja-1\/wp-json\/wp\/v2\/product_brand?post=1633"},{"taxonomy":"product_cat","embeddable":true,"href":"https:\/\/cursolojawp.cursoemvideo.com\/loja-1\/wp-json\/wp\/v2\/product_cat?post=1633"},{"taxonomy":"product_tag","embeddable":true,"href":"https:\/\/cursolojawp.cursoemvideo.com\/loja-1\/wp-json\/wp\/v2\/product_tag?post=1633"}],"curies":[{"name":"wp","href":"https:\/\/api.w.org\/{rel}","templated":true}]}}