{"id":1571,"date":"2020-04-15T11:49:40","date_gmt":"2020-04-15T14:49:40","guid":{"rendered":"https:\/\/cursolojawp.cursoemvideo.com\/loja-1\/?post_type=product&#038;p=1571"},"modified":"2020-04-15T12:00:17","modified_gmt":"2020-04-15T15:00:17","slug":"cesta-de-cafe-da-manha","status":"publish","type":"product","link":"https:\/\/cursolojawp.cursoemvideo.com\/loja-1\/produto\/cesta-de-cafe-da-manha\/","title":{"rendered":"Cesta de Caf\u00e9 da Manh\u00e3"},"content":{"rendered":"<p>A Cesta de caf\u00e9 da manh\u00e3 \u00e9 perfeita para deixar a pessoa querida surpresa e feliz. Ela vem recheada de gostosuras como: queijo, geleia, bolachinhas, torradas, suco, frutas, etc. Tudo isso em uma linda cesta de vime com al\u00e7a, para dar o toque cl\u00e1ssico ao presente. Cont\u00e9m: 02 Sach\u00ea Caf\u00e9 2g 01 4 Mini Panini 100g 01 Achocolatado 200ml 02 A\u00e7\u00facar 5g 01 \u00c1gua de Coco 200ml 01 Alfajor 60g 01 Cesta de Vime G c\/ Al\u00e7a 01 Barrinha de Cereal 20g 01 Biscoito Belvita ao Leite com Aveia 90g 02 Bolacha Doce 15g 02 Bolacha Salgada 7g 02 Bolinho 30g 01 Bule 01 Cacho de Uva It\u00e1lia 01 Caf\u00e9 Com Leite 200g 01 Cappuccinos 20g 01 Confeito de Chocolate M&amp;M 03 Geleia 10g 01 Geleia Importada 42g 01 Iogurte Mel 170g 01 Ma\u00e7\u00e3 Fuji 01 Mam\u00e3o Papaya 03 Manteiga 15g 03 Melzinho 10g 01 Pat\u00ea importado 100g 01 Pera 01 Polenguinho 4 unid 01 Queijo Prato Fatiado 144g 01 Rolinho Waffer 55g 01 Salgadinho Sortido 24g 01 Suco 200ml 01 Sucrilhos 25g 02 Torrada Levemente Salgada 15g 01 Waffer 30g 01 X\u00edcara com Pires Branca<\/p>\n","protected":false},"excerpt":{"rendered":"<p>A Cesta de caf\u00e9 da manh\u00e3 \u00e9 perfeita para deixar a pessoa querida surpresa e feliz. Ela vem recheada de gostosuras como: queijo, geleia, bolachinhas, torradas, suco, frutas, etc. Tudo isso em uma linda cesta de vime com al\u00e7a, para dar o toque cl\u00e1ssico ao presente. Cont\u00e9m: 02 Sach\u00ea Caf\u00e9 2g 01 4 Mini Panini [&hellip;]<\/p>\n","protected":false},"featured_media":1572,"comment_status":"open","ping_status":"closed","template":"","meta":{"_uag_custom_page_level_css":"","site-sidebar-layout":"default","site-content-layout":"default","ast-site-content-layout":"default","site-content-style":"default","site-sidebar-style":"default","ast-global-header-display":"","ast-banner-title-visibility":"","ast-main-header-display":"","ast-hfb-above-header-display":"","ast-hfb-below-header-display":"","ast-hfb-mobile-header-display":"","site-post-title":"","ast-breadcrumbs-content":"","ast-featured-img":"","footer-sml-layout":"","ast-disable-related-posts":"","theme-transparent-header-meta":"default","adv-header-id-meta":"","stick-header-meta":"","header-above-stick-meta":"","header-main-stick-meta":"","header-below-stick-meta":"","astra-migrate-meta-layouts":"default","ast-page-background-enabled":"default","ast-page-background-meta":{"desktop":{"background-color":"","background-image":"","background-repeat":"repeat","background-position":"center center","background-size":"auto","background-attachment":"scroll","background-type":"","background-media":"","overlay-type":"","overlay-color":"","overlay-opacity":"","overlay-gradient":""},"tablet":{"background-color":"","background-image":"","background-repeat":"repeat","background-position":"center center","background-size":"auto","background-attachment":"scroll","background-type":"","background-media":"","overlay-type":"","overlay-color":"","overlay-opacity":"","overlay-gradient":""},"mobile":{"background-color":"","background-image":"","background-repeat":"repeat","background-position":"center center","background-size":"auto","background-attachment":"scroll","background-type":"","background-media":"","overlay-type":"","overlay-color":"","overlay-opacity":"","overlay-gradient":""}},"ast-content-background-meta":{"desktop":{"background-color":"var(--ast-global-color-5)","background-image":"","background-repeat":"repeat","background-position":"center center","background-size":"auto","background-attachment":"scroll","background-type":"","background-media":"","overlay-type":"","overlay-color":"","overlay-opacity":"","overlay-gradient":""},"tablet":{"background-color":"var(--ast-global-color-5)","background-image":"","background-repeat":"repeat","background-position":"center center","background-size":"auto","background-attachment":"scroll","background-type":"","background-media":"","overlay-type":"","overlay-color":"","overlay-opacity":"","overlay-gradient":""},"mobile":{"background-color":"var(--ast-global-color-5)","background-image":"","background-repeat":"repeat","background-position":"center center","background-size":"auto","background-attachment":"scroll","background-type":"","background-media":"","overlay-type":"","overlay-color":"","overlay-opacity":"","overlay-gradient":""}}},"pwb-brand":[65],"product_brand":[],"product_cat":[54],"product_tag":[],"class_list":{"0":"post-1571","1":"product","2":"type-product","3":"status-publish","4":"has-post-thumbnail","6":"pwb-brand-brand10","7":"product_cat-presentes","8":"product_shipping_class-transportadora","9":"desktop-align-left","10":"tablet-align-left","11":"mobile-align-left","13":"first","14":"instock","15":"shipping-taxable","16":"purchasable","17":"product-type-simple"},"uagb_featured_image_src":{"full":["https:\/\/cursolojawp.cursoemvideo.com\/loja-1\/wp-content\/uploads\/2020\/04\/aula-lv-cesta.jpg",750,750,false],"thumbnail":["https:\/\/cursolojawp.cursoemvideo.com\/loja-1\/wp-content\/uploads\/2020\/04\/aula-lv-cesta-150x150.jpg",150,150,true],"medium":["https:\/\/cursolojawp.cursoemvideo.com\/loja-1\/wp-content\/uploads\/2020\/04\/aula-lv-cesta-300x300.jpg",300,300,true],"medium_large":["https:\/\/cursolojawp.cursoemvideo.com\/loja-1\/wp-content\/uploads\/2020\/04\/aula-lv-cesta.jpg",750,750,false],"large":["https:\/\/cursolojawp.cursoemvideo.com\/loja-1\/wp-content\/uploads\/2020\/04\/aula-lv-cesta.jpg",750,750,false],"1536x1536":["https:\/\/cursolojawp.cursoemvideo.com\/loja-1\/wp-content\/uploads\/2020\/04\/aula-lv-cesta.jpg",750,750,false],"2048x2048":["https:\/\/cursolojawp.cursoemvideo.com\/loja-1\/wp-content\/uploads\/2020\/04\/aula-lv-cesta.jpg",750,750,false],"woocommerce_thumbnail":["https:\/\/cursolojawp.cursoemvideo.com\/loja-1\/wp-content\/uploads\/2020\/04\/aula-lv-cesta-300x300.jpg",300,300,true],"woocommerce_single":["https:\/\/cursolojawp.cursoemvideo.com\/loja-1\/wp-content\/uploads\/2020\/04\/aula-lv-cesta-600x600.jpg",600,600,true],"woocommerce_gallery_thumbnail":["https:\/\/cursolojawp.cursoemvideo.com\/loja-1\/wp-content\/uploads\/2020\/04\/aula-lv-cesta-100x100.jpg",100,100,true],"variation_swatches_image_size":["https:\/\/cursolojawp.cursoemvideo.com\/loja-1\/wp-content\/uploads\/2020\/04\/aula-lv-cesta.jpg",50,50,false],"variation_swatches_tooltip_size":["https:\/\/cursolojawp.cursoemvideo.com\/loja-1\/wp-content\/uploads\/2020\/04\/aula-lv-cesta.jpg",100,100,false]},"uagb_author_info":{"display_name":"Gustavo Guanabara","author_link":"https:\/\/cursolojawp.cursoemvideo.com\/loja-1\/author\/"},"uagb_comment_info":0,"uagb_excerpt":"A Cesta de caf\u00e9 da manh\u00e3 \u00e9 perfeita para deixar a pessoa querida surpresa e feliz. Ela vem recheada de gostosuras como: queijo, geleia, bolachinhas, torradas, suco, frutas, etc. Tudo isso em uma linda cesta de vime com al\u00e7a, para dar o toque cl\u00e1ssico ao presente. Cont\u00e9m: 02 Sach\u00ea Caf\u00e9 2g 01 4 Mini Panini&hellip;","brands":[{"id":65,"name":"Brand10","slug":"brand10"}],"_links":{"self":[{"href":"https:\/\/cursolojawp.cursoemvideo.com\/loja-1\/wp-json\/wp\/v2\/product\/1571","targetHints":{"allow":["GET"]}}],"collection":[{"href":"https:\/\/cursolojawp.cursoemvideo.com\/loja-1\/wp-json\/wp\/v2\/product"}],"about":[{"href":"https:\/\/cursolojawp.cursoemvideo.com\/loja-1\/wp-json\/wp\/v2\/types\/product"}],"replies":[{"embeddable":true,"href":"https:\/\/cursolojawp.cursoemvideo.com\/loja-1\/wp-json\/wp\/v2\/comments?post=1571"}],"wp:featuredmedia":[{"embeddable":true,"href":"https:\/\/cursolojawp.cursoemvideo.com\/loja-1\/wp-json\/wp\/v2\/media\/1572"}],"wp:attachment":[{"href":"https:\/\/cursolojawp.cursoemvideo.com\/loja-1\/wp-json\/wp\/v2\/media?parent=1571"}],"wp:term":[{"taxonomy":"pwb-brand","embeddable":true,"href":"https:\/\/cursolojawp.cursoemvideo.com\/loja-1\/wp-json\/wp\/v2\/pwb-brand?post=1571"},{"taxonomy":"product_brand","embeddable":true,"href":"https:\/\/cursolojawp.cursoemvideo.com\/loja-1\/wp-json\/wp\/v2\/product_brand?post=1571"},{"taxonomy":"product_cat","embeddable":true,"href":"https:\/\/cursolojawp.cursoemvideo.com\/loja-1\/wp-json\/wp\/v2\/product_cat?post=1571"},{"taxonomy":"product_tag","embeddable":true,"href":"https:\/\/cursolojawp.cursoemvideo.com\/loja-1\/wp-json\/wp\/v2\/product_tag?post=1571"}],"curies":[{"name":"wp","href":"https:\/\/api.w.org\/{rel}","templated":true}]}}