{"id":1569,"date":"2020-04-15T11:48:13","date_gmt":"2020-04-15T14:48:13","guid":{"rendered":"https:\/\/cursolojawp.cursoemvideo.com\/loja-1\/?post_type=product&#038;p=1569"},"modified":"2020-04-15T11:48:13","modified_gmt":"2020-04-15T14:48:13","slug":"orquideas-brancas","status":"publish","type":"product","link":"https:\/\/cursolojawp.cursoemvideo.com\/loja-1\/produto\/orquideas-brancas\/","title":{"rendered":"Orqu\u00eddeas Brancas"},"content":{"rendered":"<p>As Orqu\u00eddeas brancas s\u00e3o presentes perfeitos para expressar o amor verdadeiro e duradouro, pois est\u00e3o associadas a inoc\u00eancia e \u00e0 eternidade. Cultivadas nas melhores condi\u00e7\u00f5es poss\u00edveis, as nossas flores s\u00e3o delicadas, resistentes, com cores \u00fanicas e charmosas.<\/p>\n","protected":false},"excerpt":{"rendered":"<p>As Orqu\u00eddeas brancas s\u00e3o presentes perfeitos para expressar o amor verdadeiro e duradouro, pois est\u00e3o associadas a inoc\u00eancia e \u00e0 eternidade. Cultivadas nas melhores condi\u00e7\u00f5es poss\u00edveis, as nossas flores s\u00e3o delicadas, resistentes, com cores \u00fanicas e charmosas.<\/p>\n","protected":false},"featured_media":1570,"comment_status":"open","ping_status":"closed","template":"","meta":{"_uag_custom_page_level_css":"","site-sidebar-layout":"default","site-content-layout":"default","ast-site-content-layout":"default","site-content-style":"default","site-sidebar-style":"default","ast-global-header-display":"","ast-banner-title-visibility":"","ast-main-header-display":"","ast-hfb-above-header-display":"","ast-hfb-below-header-display":"","ast-hfb-mobile-header-display":"","site-post-title":"","ast-breadcrumbs-content":"","ast-featured-img":"","footer-sml-layout":"","ast-disable-related-posts":"","theme-transparent-header-meta":"default","adv-header-id-meta":"","stick-header-meta":"","header-above-stick-meta":"","header-main-stick-meta":"","header-below-stick-meta":"","astra-migrate-meta-layouts":"default","ast-page-background-enabled":"default","ast-page-background-meta":{"desktop":{"background-color":"","background-image":"","background-repeat":"repeat","background-position":"center center","background-size":"auto","background-attachment":"scroll","background-type":"","background-media":"","overlay-type":"","overlay-color":"","overlay-opacity":"","overlay-gradient":""},"tablet":{"background-color":"","background-image":"","background-repeat":"repeat","background-position":"center center","background-size":"auto","background-attachment":"scroll","background-type":"","background-media":"","overlay-type":"","overlay-color":"","overlay-opacity":"","overlay-gradient":""},"mobile":{"background-color":"","background-image":"","background-repeat":"repeat","background-position":"center center","background-size":"auto","background-attachment":"scroll","background-type":"","background-media":"","overlay-type":"","overlay-color":"","overlay-opacity":"","overlay-gradient":""}},"ast-content-background-meta":{"desktop":{"background-color":"var(--ast-global-color-5)","background-image":"","background-repeat":"repeat","background-position":"center center","background-size":"auto","background-attachment":"scroll","background-type":"","background-media":"","overlay-type":"","overlay-color":"","overlay-opacity":"","overlay-gradient":""},"tablet":{"background-color":"var(--ast-global-color-5)","background-image":"","background-repeat":"repeat","background-position":"center center","background-size":"auto","background-attachment":"scroll","background-type":"","background-media":"","overlay-type":"","overlay-color":"","overlay-opacity":"","overlay-gradient":""},"mobile":{"background-color":"var(--ast-global-color-5)","background-image":"","background-repeat":"repeat","background-position":"center center","background-size":"auto","background-attachment":"scroll","background-type":"","background-media":"","overlay-type":"","overlay-color":"","overlay-opacity":"","overlay-gradient":""}}},"pwb-brand":[64],"product_brand":[],"product_cat":[54],"product_tag":[],"class_list":{"0":"post-1569","1":"product","2":"type-product","3":"status-publish","4":"has-post-thumbnail","6":"pwb-brand-brand9","7":"product_cat-presentes","8":"desktop-align-left","9":"tablet-align-left","10":"mobile-align-left","12":"first","13":"instock","14":"shipping-taxable","15":"purchasable","16":"product-type-simple"},"uagb_featured_image_src":{"full":["https:\/\/cursolojawp.cursoemvideo.com\/loja-1\/wp-content\/uploads\/2020\/04\/aula-lv-flores.jpg",750,750,false],"thumbnail":["https:\/\/cursolojawp.cursoemvideo.com\/loja-1\/wp-content\/uploads\/2020\/04\/aula-lv-flores-150x150.jpg",150,150,true],"medium":["https:\/\/cursolojawp.cursoemvideo.com\/loja-1\/wp-content\/uploads\/2020\/04\/aula-lv-flores-300x300.jpg",300,300,true],"medium_large":["https:\/\/cursolojawp.cursoemvideo.com\/loja-1\/wp-content\/uploads\/2020\/04\/aula-lv-flores.jpg",750,750,false],"large":["https:\/\/cursolojawp.cursoemvideo.com\/loja-1\/wp-content\/uploads\/2020\/04\/aula-lv-flores.jpg",750,750,false],"1536x1536":["https:\/\/cursolojawp.cursoemvideo.com\/loja-1\/wp-content\/uploads\/2020\/04\/aula-lv-flores.jpg",750,750,false],"2048x2048":["https:\/\/cursolojawp.cursoemvideo.com\/loja-1\/wp-content\/uploads\/2020\/04\/aula-lv-flores.jpg",750,750,false],"woocommerce_thumbnail":["https:\/\/cursolojawp.cursoemvideo.com\/loja-1\/wp-content\/uploads\/2020\/04\/aula-lv-flores-300x300.jpg",300,300,true],"woocommerce_single":["https:\/\/cursolojawp.cursoemvideo.com\/loja-1\/wp-content\/uploads\/2020\/04\/aula-lv-flores-600x600.jpg",600,600,true],"woocommerce_gallery_thumbnail":["https:\/\/cursolojawp.cursoemvideo.com\/loja-1\/wp-content\/uploads\/2020\/04\/aula-lv-flores-100x100.jpg",100,100,true],"variation_swatches_image_size":["https:\/\/cursolojawp.cursoemvideo.com\/loja-1\/wp-content\/uploads\/2020\/04\/aula-lv-flores.jpg",50,50,false],"variation_swatches_tooltip_size":["https:\/\/cursolojawp.cursoemvideo.com\/loja-1\/wp-content\/uploads\/2020\/04\/aula-lv-flores.jpg",100,100,false]},"uagb_author_info":{"display_name":"Gustavo Guanabara","author_link":"https:\/\/cursolojawp.cursoemvideo.com\/loja-1\/author\/"},"uagb_comment_info":0,"uagb_excerpt":"As Orqu\u00eddeas brancas s\u00e3o presentes perfeitos para expressar o amor verdadeiro e duradouro, pois est\u00e3o associadas a inoc\u00eancia e \u00e0 eternidade. Cultivadas nas melhores condi\u00e7\u00f5es poss\u00edveis, as nossas flores s\u00e3o delicadas, resistentes, com cores \u00fanicas e charmosas.","brands":[{"id":64,"name":"Brand9","slug":"brand9"}],"_links":{"self":[{"href":"https:\/\/cursolojawp.cursoemvideo.com\/loja-1\/wp-json\/wp\/v2\/product\/1569","targetHints":{"allow":["GET"]}}],"collection":[{"href":"https:\/\/cursolojawp.cursoemvideo.com\/loja-1\/wp-json\/wp\/v2\/product"}],"about":[{"href":"https:\/\/cursolojawp.cursoemvideo.com\/loja-1\/wp-json\/wp\/v2\/types\/product"}],"replies":[{"embeddable":true,"href":"https:\/\/cursolojawp.cursoemvideo.com\/loja-1\/wp-json\/wp\/v2\/comments?post=1569"}],"wp:featuredmedia":[{"embeddable":true,"href":"https:\/\/cursolojawp.cursoemvideo.com\/loja-1\/wp-json\/wp\/v2\/media\/1570"}],"wp:attachment":[{"href":"https:\/\/cursolojawp.cursoemvideo.com\/loja-1\/wp-json\/wp\/v2\/media?parent=1569"}],"wp:term":[{"taxonomy":"pwb-brand","embeddable":true,"href":"https:\/\/cursolojawp.cursoemvideo.com\/loja-1\/wp-json\/wp\/v2\/pwb-brand?post=1569"},{"taxonomy":"product_brand","embeddable":true,"href":"https:\/\/cursolojawp.cursoemvideo.com\/loja-1\/wp-json\/wp\/v2\/product_brand?post=1569"},{"taxonomy":"product_cat","embeddable":true,"href":"https:\/\/cursolojawp.cursoemvideo.com\/loja-1\/wp-json\/wp\/v2\/product_cat?post=1569"},{"taxonomy":"product_tag","embeddable":true,"href":"https:\/\/cursolojawp.cursoemvideo.com\/loja-1\/wp-json\/wp\/v2\/product_tag?post=1569"}],"curies":[{"name":"wp","href":"https:\/\/api.w.org\/{rel}","templated":true}]}}