{"id":1851,"date":"2020-11-25T15:12:14","date_gmt":"2020-11-25T18:12:14","guid":{"rendered":"https:\/\/cursolojawp.cursoemvideo.com\/loja-1\/?page_id=1851"},"modified":"2020-11-26T09:46:24","modified_gmt":"2020-11-26T12:46:24","slug":"politica-de-privacidade","status":"publish","type":"page","link":"https:\/\/cursolojawp.cursoemvideo.com\/loja-1\/politica-de-privacidade\/","title":{"rendered":"Pol\u00edtica de Privacidade"},"content":{"rendered":"\n<section class=\"wp-block-uagb-section uagb-section__wrap uagb-section__background-undefined uagb-block-b103d13a\"><div class=\"uagb-section__overlay\"><\/div><div class=\"uagb-section__inner-wrap\">\n<h2 class=\"wp-block-heading\">Pol\u00edtica de Privacidade<\/h2>\n\n\n\n<p>Dados cadastrais s\u00e3o utilizados para controle interno e contato com o cliente quando necess\u00e1rio. N\u00e3o praticamos a comercializa\u00e7\u00e3o de dados cadastrais com terceiros.<\/p>\n\n\n\n<p>Todos os envios de e-mails comerciais s\u00e3o enviados com link de descadastramento. Clicando no link de descadastramento n\u00e3o enviaremos mais e-mails de marketing.<\/p>\n\n\n\n<p>Utilizamos a tecnologia SSL, onde a transmiss\u00e3o de dados utiliza protocolo de criptografia (HTTPS). Toda informa\u00e7\u00e3o trocada trafega de forma segura.<\/p>\n\n\n\n<p>N\u00e3o fornecemos informa\u00e7\u00f5es sobre nossos clientes, exceto em casos de ordem, pedido ou determina\u00e7\u00e3o judicial.<\/p>\n\n\n\n<p>N\u00e3o somos respons\u00e1veis por viola\u00e7\u00f5es de dados e informa\u00e7\u00f5es resultante de atos de funcion\u00e1rios, prepostos ou pessoas autorizadas pelo pr\u00f3prio cliente nem de a\u00e7\u00e3o criminosa ou irregular de terceiros (\u201chackers\u201d) fora dos limites da previsibilidade t\u00e9cnica do momento em que venha a ocorrer.<\/p>\n\n\n\n<p>Ao preencher seu cadastro para compra de produtos, o cliente garante que os dados pessoais fornecidos s\u00e3o verdadeiros e se compromete em mant\u00ea-los constantemente atualizados para que a empresa possa estabelecer contato sempre que se fizer necess\u00e1rio.<\/p>\n\n\n\n<p>Coletamos informa\u00e7\u00f5es dos visitantes do site atrav\u00e9s de cookies, sistema que os identificam como usu\u00e1rios \u00fanicos. O objetivo exclusivo de utilizar esse recurso \u00e9 entender melhor o interesse dos nossos usu\u00e1rios sobre produtos e servi\u00e7os e melhorar a comunica\u00e7\u00e3o.<\/p>\n\n\n\n<p>Caso o usu\u00e1rio n\u00e3o queira ter sua navega\u00e7\u00e3o rastreada, \u00e9 poss\u00edvel abrir as configura\u00e7\u00f5es do seu Navegador e desabilitar a fun\u00e7\u00e3o Cookies.<\/p>\n\n\n\n<p>O usu\u00e1rio que desejar, pode solicitar a remo\u00e7\u00e3o dos dados que armazenamos sobre sua navega\u00e7\u00e3o em nossos sites atrav\u00e9s de solicita\u00e7\u00e3o em nosso formul\u00e1rio de contato. O procedimento pode levar at\u00e9 30 dias at\u00e9 que os dados sejam eliminados de nossos servidores, incluindo os backups.<\/p>\n<\/div><\/section>\n\n\n\n<p><\/p>\n","protected":false},"excerpt":{"rendered":"","protected":false},"author":2,"featured_media":0,"parent":0,"menu_order":0,"comment_status":"closed","ping_status":"closed","template":"","meta":{"_uag_custom_page_level_css":"","site-sidebar-layout":"no-sidebar","site-content-layout":"page-builder","ast-site-content-layout":"default","site-content-style":"default","site-sidebar-style":"default","ast-global-header-display":"","ast-banner-title-visibility":"","ast-main-header-display":"","ast-hfb-above-header-display":"","ast-hfb-below-header-display":"","ast-hfb-mobile-header-display":"","site-post-title":"disabled","ast-breadcrumbs-content":"","ast-featured-img":"","footer-sml-layout":"","ast-disable-related-posts":"","theme-transparent-header-meta":"default","adv-header-id-meta":"","stick-header-meta":"","header-above-stick-meta":"","header-main-stick-meta":"","header-below-stick-meta":"","astra-migrate-meta-layouts":"default","ast-page-background-enabled":"default","ast-page-background-meta":{"desktop":{"background-color":"","background-image":"","background-repeat":"repeat","background-position":"center center","background-size":"auto","background-attachment":"scroll","background-type":"","background-media":"","overlay-type":"","overlay-color":"","overlay-opacity":"","overlay-gradient":""},"tablet":{"background-color":"","background-image":"","background-repeat":"repeat","background-position":"center center","background-size":"auto","background-attachment":"scroll","background-type":"","background-media":"","overlay-type":"","overlay-color":"","overlay-opacity":"","overlay-gradient":""},"mobile":{"background-color":"","background-image":"","background-repeat":"repeat","background-position":"center center","background-size":"auto","background-attachment":"scroll","background-type":"","background-media":"","overlay-type":"","overlay-color":"","overlay-opacity":"","overlay-gradient":""}},"ast-content-background-meta":{"desktop":{"background-color":"var(--ast-global-color-5)","background-image":"","background-repeat":"repeat","background-position":"center center","background-size":"auto","background-attachment":"scroll","background-type":"","background-media":"","overlay-type":"","overlay-color":"","overlay-opacity":"","overlay-gradient":""},"tablet":{"background-color":"var(--ast-global-color-5)","background-image":"","background-repeat":"repeat","background-position":"center center","background-size":"auto","background-attachment":"scroll","background-type":"","background-media":"","overlay-type":"","overlay-color":"","overlay-opacity":"","overlay-gradient":""},"mobile":{"background-color":"var(--ast-global-color-5)","background-image":"","background-repeat":"repeat","background-position":"center center","background-size":"auto","background-attachment":"scroll","background-type":"","background-media":"","overlay-type":"","overlay-color":"","overlay-opacity":"","overlay-gradient":""}},"footnotes":""},"class_list":["post-1851","page","type-page","status-publish","hentry"],"uagb_featured_image_src":{"full":false,"thumbnail":false,"medium":false,"medium_large":false,"large":false,"1536x1536":false,"2048x2048":false,"woocommerce_thumbnail":false,"woocommerce_single":false,"woocommerce_gallery_thumbnail":false,"variation_swatches_image_size":false,"variation_swatches_tooltip_size":false},"uagb_author_info":{"display_name":"Gustavo Guanabara","author_link":"https:\/\/cursolojawp.cursoemvideo.com\/loja-1\/author\/cursoemvideo\/"},"uagb_comment_info":0,"uagb_excerpt":null,"_links":{"self":[{"href":"https:\/\/cursolojawp.cursoemvideo.com\/loja-1\/wp-json\/wp\/v2\/pages\/1851","targetHints":{"allow":["GET"]}}],"collection":[{"href":"https:\/\/cursolojawp.cursoemvideo.com\/loja-1\/wp-json\/wp\/v2\/pages"}],"about":[{"href":"https:\/\/cursolojawp.cursoemvideo.com\/loja-1\/wp-json\/wp\/v2\/types\/page"}],"author":[{"embeddable":true,"href":"https:\/\/cursolojawp.cursoemvideo.com\/loja-1\/wp-json\/wp\/v2\/users\/2"}],"replies":[{"embeddable":true,"href":"https:\/\/cursolojawp.cursoemvideo.com\/loja-1\/wp-json\/wp\/v2\/comments?post=1851"}],"version-history":[{"count":8,"href":"https:\/\/cursolojawp.cursoemvideo.com\/loja-1\/wp-json\/wp\/v2\/pages\/1851\/revisions"}],"predecessor-version":[{"id":1892,"href":"https:\/\/cursolojawp.cursoemvideo.com\/loja-1\/wp-json\/wp\/v2\/pages\/1851\/revisions\/1892"}],"wp:attachment":[{"href":"https:\/\/cursolojawp.cursoemvideo.com\/loja-1\/wp-json\/wp\/v2\/media?parent=1851"}],"curies":[{"name":"wp","href":"https:\/\/api.w.org\/{rel}","templated":true}]}}